{"id":10361,"date":"2024-09-12T19:07:38","date_gmt":"2024-09-12T19:07:38","guid":{"rendered":"https:\/\/flexiqgames.com\/product\/balai-abracada\/"},"modified":"2025-05-28T08:28:23","modified_gmt":"2025-05-28T08:28:23","slug":"abracada-broom","status":"publish","type":"product","link":"https:\/\/flexiqgames.com\/fr\/produit\/abracada-broom\/","title":{"rendered":"Abracada-Broom"},"content":{"rendered":"<p>Amusant, magique et explosif. Abracada-Broom est un jeu de m\u00e9moire plein de rebondissements pour toute la famille. Faites r\u00e9appara\u00eetre votre balai en pr\u00e9parant les bonnes potions magiques pendant que les chaudrons et les cuill\u00e8res volent autour de vous. ATTENTION! S&rsquo;il y a trop d&rsquo;ingr\u00e9dients, votre chaudron explosera!<\/p>\n","protected":false},"excerpt":{"rendered":"<p>Amusant, magique et explosif. Abracada-Broom est un jeu de m\u00e9moire plein de rebondissements pour toute la famille. Faites r\u00e9appara\u00eetre votre balai en pr\u00e9parant les bonnes potions magiques pendant que les chaudrons et les cuill\u00e8res volent autour de vous. ATTENTION! S&rsquo;il y a trop d&rsquo;ingr\u00e9dients, votre chaudron explosera!<\/p>\n","protected":false},"featured_media":11172,"comment_status":"open","ping_status":"closed","template":"","meta":{"_acf_changed":false,"site-sidebar-layout":"default","site-content-layout":"","ast-site-content-layout":"default","site-content-style":"default","site-sidebar-style":"default","ast-global-header-display":"","ast-banner-title-visibility":"","ast-main-header-display":"","ast-hfb-above-header-display":"","ast-hfb-below-header-display":"","ast-hfb-mobile-header-display":"","site-post-title":"","ast-breadcrumbs-content":"","ast-featured-img":"","footer-sml-layout":"","ast-disable-related-posts":"","theme-transparent-header-meta":"default","adv-header-id-meta":"","stick-header-meta":"","header-above-stick-meta":"","header-main-stick-meta":"","header-below-stick-meta":"","astra-migrate-meta-layouts":"set","ast-page-background-enabled":"default","ast-page-background-meta":{"desktop":{"background-color":"var(--ast-global-color-4)","background-image":"","background-repeat":"repeat","background-position":"center center","background-size":"auto","background-attachment":"scroll","background-type":"","background-media":"","overlay-type":"","overlay-color":"","overlay-opacity":"","overlay-gradient":""},"tablet":{"background-color":"","background-image":"","background-repeat":"repeat","background-position":"center center","background-size":"auto","background-attachment":"scroll","background-type":"","background-media":"","overlay-type":"","overlay-color":"","overlay-opacity":"","overlay-gradient":""},"mobile":{"background-color":"","background-image":"","background-repeat":"repeat","background-position":"center center","background-size":"auto","background-attachment":"scroll","background-type":"","background-media":"","overlay-type":"","overlay-color":"","overlay-opacity":"","overlay-gradient":""}},"ast-content-background-meta":{"desktop":{"background-color":"var(--ast-global-color-5)","background-image":"","background-repeat":"repeat","background-position":"center center","background-size":"auto","background-attachment":"scroll","background-type":"","background-media":"","overlay-type":"","overlay-color":"","overlay-opacity":"","overlay-gradient":""},"tablet":{"background-color":"var(--ast-global-color-5)","background-image":"","background-repeat":"repeat","background-position":"center center","background-size":"auto","background-attachment":"scroll","background-type":"","background-media":"","overlay-type":"","overlay-color":"","overlay-opacity":"","overlay-gradient":""},"mobile":{"background-color":"var(--ast-global-color-5)","background-image":"","background-repeat":"repeat","background-position":"center center","background-size":"auto","background-attachment":"scroll","background-type":"","background-media":"","overlay-type":"","overlay-color":"","overlay-opacity":"","overlay-gradient":""}},"iawp_total_views":451},"product_brand":[],"product_cat":[179],"product_tag":[],"leeftijd":[108,117],"vaardigheden":[115,169],"class_list":{"0":"post-10361","1":"product","2":"type-product","3":"status-publish","4":"has-post-thumbnail","6":"product_cat-jeu-de-memoire","7":"leeftijd-5-fr","8":"leeftijd-tous-les-ages","9":"vaardigheden-prise-de-risque-audace","10":"vaardigheden-memoire","11":"desktop-align-left","12":"tablet-align-left","13":"mobile-align-left","15":"first","16":"instock","17":"taxable","18":"shipping-taxable","19":"purchasable","20":"product-type-simple"},"acf":[],"yoast_head":"<!-- This site is optimized with the Yoast SEO plugin v27.5 - https:\/\/yoast.com\/product\/yoast-seo-wordpress\/ -->\n<title>Abracada-Broom - FlexiQ Games<\/title>\n<meta name=\"description\" content=\"Abracada-Broom: magisch geheugenspel voor het hele gezin! Verzamel ingredi\u00ebnten en tover je bezem terug. Voor kinderen vanaf 6 jaar.\" \/>\n<meta name=\"robots\" content=\"index, follow, max-snippet:-1, max-image-preview:large, max-video-preview:-1\" \/>\n<link rel=\"canonical\" href=\"https:\/\/flexiqgames.com\/fr\/produit\/abracada-broom\/\" \/>\n<meta property=\"og:locale\" content=\"fr_FR\" \/>\n<meta property=\"og:type\" content=\"article\" \/>\n<meta property=\"og:title\" content=\"Abracada-Broom - FlexiQ Games\" \/>\n<meta property=\"og:description\" content=\"Abracada-Broom: magisch geheugenspel voor het hele gezin! Verzamel ingredi\u00ebnten en tover je bezem terug. Voor kinderen vanaf 6 jaar.\" \/>\n<meta property=\"og:url\" content=\"https:\/\/flexiqgames.com\/fr\/produit\/abracada-broom\/\" \/>\n<meta property=\"og:site_name\" content=\"FlexiQ Games\" \/>\n<meta property=\"article:modified_time\" content=\"2025-05-28T08:28:23+00:00\" \/>\n<meta property=\"og:image\" content=\"https:\/\/flexiqgames.com\/wp-content\/uploads\/2024\/12\/Group-Abr1.jpg\" \/>\n\t<meta property=\"og:image:width\" content=\"538\" \/>\n\t<meta property=\"og:image:height\" content=\"440\" \/>\n\t<meta property=\"og:image:type\" content=\"image\/jpeg\" \/>\n<meta name=\"twitter:card\" content=\"summary_large_image\" \/>\n<meta name=\"twitter:label1\" content=\"Dur\u00e9e de lecture estim\u00e9e\" \/>\n\t<meta name=\"twitter:data1\" content=\"1 minute\" \/>\n<script type=\"application\/ld+json\" class=\"yoast-schema-graph\">{\"@context\":\"https:\\\/\\\/schema.org\",\"@graph\":[{\"@type\":\"WebPage\",\"@id\":\"https:\\\/\\\/flexiqgames.com\\\/fr\\\/produit\\\/abracada-broom\\\/\",\"url\":\"https:\\\/\\\/flexiqgames.com\\\/fr\\\/produit\\\/abracada-broom\\\/\",\"name\":\"Abracada-Broom - FlexiQ Games\",\"isPartOf\":{\"@id\":\"https:\\\/\\\/flexiqgames.com\\\/#website\"},\"primaryImageOfPage\":{\"@id\":\"https:\\\/\\\/flexiqgames.com\\\/fr\\\/produit\\\/abracada-broom\\\/#primaryimage\"},\"image\":{\"@id\":\"https:\\\/\\\/flexiqgames.com\\\/fr\\\/produit\\\/abracada-broom\\\/#primaryimage\"},\"thumbnailUrl\":\"https:\\\/\\\/flexiqgames.com\\\/wp-content\\\/uploads\\\/2024\\\/12\\\/Group-Abr1.jpg\",\"datePublished\":\"2024-09-12T19:07:38+00:00\",\"dateModified\":\"2025-05-28T08:28:23+00:00\",\"description\":\"Abracada-Broom: magisch geheugenspel voor het hele gezin! Verzamel ingredi\u00ebnten en tover je bezem terug. Voor kinderen vanaf 6 jaar.\",\"breadcrumb\":{\"@id\":\"https:\\\/\\\/flexiqgames.com\\\/fr\\\/produit\\\/abracada-broom\\\/#breadcrumb\"},\"inLanguage\":\"fr-FR\",\"potentialAction\":[{\"@type\":\"ReadAction\",\"target\":[\"https:\\\/\\\/flexiqgames.com\\\/fr\\\/produit\\\/abracada-broom\\\/\"]}]},{\"@type\":\"ImageObject\",\"inLanguage\":\"fr-FR\",\"@id\":\"https:\\\/\\\/flexiqgames.com\\\/fr\\\/produit\\\/abracada-broom\\\/#primaryimage\",\"url\":\"https:\\\/\\\/flexiqgames.com\\\/wp-content\\\/uploads\\\/2024\\\/12\\\/Group-Abr1.jpg\",\"contentUrl\":\"https:\\\/\\\/flexiqgames.com\\\/wp-content\\\/uploads\\\/2024\\\/12\\\/Group-Abr1.jpg\",\"width\":538,\"height\":440},{\"@type\":\"BreadcrumbList\",\"@id\":\"https:\\\/\\\/flexiqgames.com\\\/fr\\\/produit\\\/abracada-broom\\\/#breadcrumb\",\"itemListElement\":[{\"@type\":\"ListItem\",\"position\":1,\"name\":\"Home\",\"item\":\"https:\\\/\\\/flexiqgames.com\\\/\"},{\"@type\":\"ListItem\",\"position\":2,\"name\":\"Producten\",\"item\":\"https:\\\/\\\/flexiqgames.com\\\/shop\\\/\"},{\"@type\":\"ListItem\",\"position\":3,\"name\":\"Abracada-Broom\"}]},{\"@type\":\"WebSite\",\"@id\":\"https:\\\/\\\/flexiqgames.com\\\/#website\",\"url\":\"https:\\\/\\\/flexiqgames.com\\\/\",\"name\":\"FlexiQ Games\",\"description\":\"A new brand of skill developing games\",\"potentialAction\":[{\"@type\":\"SearchAction\",\"target\":{\"@type\":\"EntryPoint\",\"urlTemplate\":\"https:\\\/\\\/flexiqgames.com\\\/?s={search_term_string}\"},\"query-input\":{\"@type\":\"PropertyValueSpecification\",\"valueRequired\":true,\"valueName\":\"search_term_string\"}}],\"inLanguage\":\"fr-FR\"}]}<\/script>\n<!-- \/ Yoast SEO plugin. -->","yoast_head_json":{"title":"Abracada-Broom - FlexiQ Games","description":"Abracada-Broom: magisch geheugenspel voor het hele gezin! Verzamel ingredi\u00ebnten en tover je bezem terug. Voor kinderen vanaf 6 jaar.","robots":{"index":"index","follow":"follow","max-snippet":"max-snippet:-1","max-image-preview":"max-image-preview:large","max-video-preview":"max-video-preview:-1"},"canonical":"https:\/\/flexiqgames.com\/fr\/produit\/abracada-broom\/","og_locale":"fr_FR","og_type":"article","og_title":"Abracada-Broom - FlexiQ Games","og_description":"Abracada-Broom: magisch geheugenspel voor het hele gezin! Verzamel ingredi\u00ebnten en tover je bezem terug. Voor kinderen vanaf 6 jaar.","og_url":"https:\/\/flexiqgames.com\/fr\/produit\/abracada-broom\/","og_site_name":"FlexiQ Games","article_modified_time":"2025-05-28T08:28:23+00:00","og_image":[{"width":538,"height":440,"url":"https:\/\/flexiqgames.com\/wp-content\/uploads\/2024\/12\/Group-Abr1.jpg","type":"image\/jpeg"}],"twitter_card":"summary_large_image","twitter_misc":{"Dur\u00e9e de lecture estim\u00e9e":"1 minute"},"schema":{"@context":"https:\/\/schema.org","@graph":[{"@type":"WebPage","@id":"https:\/\/flexiqgames.com\/fr\/produit\/abracada-broom\/","url":"https:\/\/flexiqgames.com\/fr\/produit\/abracada-broom\/","name":"Abracada-Broom - FlexiQ Games","isPartOf":{"@id":"https:\/\/flexiqgames.com\/#website"},"primaryImageOfPage":{"@id":"https:\/\/flexiqgames.com\/fr\/produit\/abracada-broom\/#primaryimage"},"image":{"@id":"https:\/\/flexiqgames.com\/fr\/produit\/abracada-broom\/#primaryimage"},"thumbnailUrl":"https:\/\/flexiqgames.com\/wp-content\/uploads\/2024\/12\/Group-Abr1.jpg","datePublished":"2024-09-12T19:07:38+00:00","dateModified":"2025-05-28T08:28:23+00:00","description":"Abracada-Broom: magisch geheugenspel voor het hele gezin! Verzamel ingredi\u00ebnten en tover je bezem terug. Voor kinderen vanaf 6 jaar.","breadcrumb":{"@id":"https:\/\/flexiqgames.com\/fr\/produit\/abracada-broom\/#breadcrumb"},"inLanguage":"fr-FR","potentialAction":[{"@type":"ReadAction","target":["https:\/\/flexiqgames.com\/fr\/produit\/abracada-broom\/"]}]},{"@type":"ImageObject","inLanguage":"fr-FR","@id":"https:\/\/flexiqgames.com\/fr\/produit\/abracada-broom\/#primaryimage","url":"https:\/\/flexiqgames.com\/wp-content\/uploads\/2024\/12\/Group-Abr1.jpg","contentUrl":"https:\/\/flexiqgames.com\/wp-content\/uploads\/2024\/12\/Group-Abr1.jpg","width":538,"height":440},{"@type":"BreadcrumbList","@id":"https:\/\/flexiqgames.com\/fr\/produit\/abracada-broom\/#breadcrumb","itemListElement":[{"@type":"ListItem","position":1,"name":"Home","item":"https:\/\/flexiqgames.com\/"},{"@type":"ListItem","position":2,"name":"Producten","item":"https:\/\/flexiqgames.com\/shop\/"},{"@type":"ListItem","position":3,"name":"Abracada-Broom"}]},{"@type":"WebSite","@id":"https:\/\/flexiqgames.com\/#website","url":"https:\/\/flexiqgames.com\/","name":"FlexiQ Games","description":"A new brand of skill developing games","potentialAction":[{"@type":"SearchAction","target":{"@type":"EntryPoint","urlTemplate":"https:\/\/flexiqgames.com\/?s={search_term_string}"},"query-input":{"@type":"PropertyValueSpecification","valueRequired":true,"valueName":"search_term_string"}}],"inLanguage":"fr-FR"}]}},"_links":{"self":[{"href":"https:\/\/flexiqgames.com\/fr\/wp-json\/wp\/v2\/product\/10361","targetHints":{"allow":["GET"]}}],"collection":[{"href":"https:\/\/flexiqgames.com\/fr\/wp-json\/wp\/v2\/product"}],"about":[{"href":"https:\/\/flexiqgames.com\/fr\/wp-json\/wp\/v2\/types\/product"}],"replies":[{"embeddable":true,"href":"https:\/\/flexiqgames.com\/fr\/wp-json\/wp\/v2\/comments?post=10361"}],"wp:featuredmedia":[{"embeddable":true,"href":"https:\/\/flexiqgames.com\/fr\/wp-json\/wp\/v2\/media\/11172"}],"wp:attachment":[{"href":"https:\/\/flexiqgames.com\/fr\/wp-json\/wp\/v2\/media?parent=10361"}],"wp:term":[{"taxonomy":"product_brand","embeddable":true,"href":"https:\/\/flexiqgames.com\/fr\/wp-json\/wp\/v2\/product_brand?post=10361"},{"taxonomy":"product_cat","embeddable":true,"href":"https:\/\/flexiqgames.com\/fr\/wp-json\/wp\/v2\/product_cat?post=10361"},{"taxonomy":"product_tag","embeddable":true,"href":"https:\/\/flexiqgames.com\/fr\/wp-json\/wp\/v2\/product_tag?post=10361"},{"taxonomy":"leeftijd","embeddable":true,"href":"https:\/\/flexiqgames.com\/fr\/wp-json\/wp\/v2\/leeftijd?post=10361"},{"taxonomy":"vaardigheden","embeddable":true,"href":"https:\/\/flexiqgames.com\/fr\/wp-json\/wp\/v2\/vaardigheden?post=10361"}],"curies":[{"name":"wp","href":"https:\/\/api.w.org\/{rel}","templated":true}]}}